{"id":1152,"date":"2026-03-08T10:24:11","date_gmt":"2026-03-08T09:24:11","guid":{"rendered":"https:\/\/gymsee.pl\/?page_id=1152"},"modified":"2026-03-11T18:45:53","modified_gmt":"2026-03-11T17:45:53","slug":"parts","status":"publish","type":"page","link":"https:\/\/gymsee.pl\/en\/parts\/","title":{"rendered":"parts"},"content":{"rendered":"<p><strong>CZ\u0118\u015aCI ZAMIENNE (SPARE PARTS)<\/strong>\u00a0<br><br><strong>Procedura Zamawiania:<\/strong> W przypadku zu\u017cycia element\u00f3w (np. zagubienie pinu, przetarcie tapicerki, zgubienie za\u015blepki), nale\u017cy zamawia\u0107 wy\u0142\u0105cznie oryginalne cz\u0119\u015bci GYMSEE. W zam\u00f3wieniu prosimy poda\u0107:<br><strong>Model urz\u0105dzenia:<\/strong> WTF8<br><strong>Numer Seryjny (S\/N):<\/strong> (z tabliczki znamionowej)<br><strong>Numer cz\u0119\u015bci z rysunku:<\/strong> (np. Part No. 14)<\/p>\n\n\n\n<p><\/p>\n\n\n\n<figure class=\"wp-block-image size-large\"><img loading=\"lazy\" decoding=\"async\" width=\"1024\" height=\"762\" src=\"https:\/\/gymsee.pl\/wp-content\/uploads\/2026\/03\/image-1024x762.png\" alt=\"\" class=\"wp-image-1162\" srcset=\"https:\/\/gymsee.pl\/wp-content\/uploads\/2026\/03\/image-1024x762.png 1024w, https:\/\/gymsee.pl\/wp-content\/uploads\/2026\/03\/image-300x223.png 300w, https:\/\/gymsee.pl\/wp-content\/uploads\/2026\/03\/image-768x572.png 768w, https:\/\/gymsee.pl\/wp-content\/uploads\/2026\/03\/image-1536x1143.png 1536w, https:\/\/gymsee.pl\/wp-content\/uploads\/2026\/03\/image-16x12.png 16w, https:\/\/gymsee.pl\/wp-content\/uploads\/2026\/03\/image-600x447.png 600w, https:\/\/gymsee.pl\/wp-content\/uploads\/2026\/03\/image.png 1600w\" sizes=\"auto, (max-width: 1024px) 100vw, 1024px\" \/><\/figure>\n\n\n\n<figure class=\"wp-block-table\"><table class=\"has-fixed-layout\"><tbody><tr><td><strong>Nr<\/strong><\/td><td><strong>Nazwa Cz\u0119\u015bci \/ Podzespo\u0142u<\/strong><\/td><td><strong>Nr<\/strong><\/td><td><strong>Nazwa Cz\u0119\u015bci \/ Podzespo\u0142u<\/strong><\/td><\/tr><tr><td><strong>I<\/strong><\/td><td><strong>ELEMENTY STALOWE<\/strong><\/td><td><strong>I<\/strong><\/td><td><strong>ELEMENTY STALOWE<\/strong><\/td><\/tr><tr><td>1<\/td><td>Rama G\u0142\u00f3wna (A)<\/td><td>5<\/td><td>Sztyca Wewn\u0119trzna (E)<\/td><\/tr><tr><td>2<\/td><td>Noga Ramy (B)<\/td><td>6<\/td><td>Siedzenie (F)<\/td><\/tr><tr><td>3<\/td><td>Noga Stojaka (C)<\/td><td>7<\/td><td>R\u0105czka dip (G)<\/td><\/tr><tr><td>4<\/td><td>Sztyca G\u0142\u00f3wna (D)<\/td><td>8<\/td><td>Dr\u0105\u017cek (H)<\/td><\/tr><tr><td><strong>II<\/strong><\/td><td><strong>ELEMENTY Z\u0141\u0104CZNE I COTS<\/strong><\/td><td><strong>II<\/strong><\/td><td><strong>ELEMENTY Z\u0141\u0104CZNE I COTS<\/strong><\/td><\/tr><tr><td>9<\/td><td>Trzpie\u0144 blokuj\u0105cy M12<\/td><td>13<\/td><td>Podk\u0142adka (DIN 9021)<\/td><\/tr><tr><td>10<\/td><td>Nakr\u0119tka Pinu (DIN 439)<\/td><td>14<\/td><td>\u015aruba r\u0105czki (ISO 7380)<\/td><\/tr><tr><td>11<\/td><td>\u015aruba Zawiasu (ISO 4762)<\/td><td>15<\/td><td>\u015aruba Siedziska (ISO 7380)<\/td><\/tr><tr><td>12<\/td><td>Nakr\u0119tka zawiasu (DIN 985)<\/td><td>16<\/td><td>Zawleczka Sk\u0142adana<\/td><\/tr><tr><td><strong>III<\/strong><\/td><td><strong>OPARCIE I TWORZYWA<\/strong><\/td><td><strong>III<\/strong><\/td><td><strong>TAPICERKA I TWORZYWA<\/strong><\/td><\/tr><tr><td>17<\/td><td>Siedzisko<\/td><td>23<\/td><td>Za\u015blepka Rury \u00d834 (czarna)<\/td><\/tr><tr><td>18<\/td><td>Za\u015blepka Profilu 45&#215;45 (czarna)<\/td><td>24<\/td><td>Za\u015blepka z gwintem M8<\/td><\/tr><tr><td>19<\/td><td>Za\u015blepka Profilu 40&#215;40 (czarna)<\/td><td>25<\/td><td>Za\u015blepka na \u015brub\u0119 (szara)<\/td><\/tr><tr><td>20<\/td><td>Za\u015blepka Profilu 40&#215;20 (czarna)<\/td><td>26<\/td><td>Za\u015blepka Okr\u0105g\u0142a \u00d810 (czarna)<\/td><\/tr><tr><td>21<\/td><td>Za\u015blepka Profilu 35&#215;35 (czarna)<\/td><td>27<\/td><td>Za\u015blepka z gwintem M6 (czarna)<\/td><\/tr><tr><td>22<\/td><td>Za\u015blepka Profilu 30&#215;30 (czarna)<\/td><td>28<\/td><td>Za\u015blepka z gwintem M10 (czarna)<\/td><\/tr><\/tbody><\/table><\/figure>","protected":false},"excerpt":{"rendered":"<p>CZ\u0118\u015aCI ZAMIENNE (SPARE PARTS)\u00a0 Procedura Zamawiania: W przypadku zu\u017cycia element\u00f3w (np. zagubienie pinu, przetarcie tapicerki, zgubienie za\u015blepki), nale\u017cy zamawia\u0107 wy\u0142\u0105cznie oryginalne cz\u0119\u015bci GYMSEE. W zam\u00f3wieniu prosimy poda\u0107:Model urz\u0105dzenia: WTF8Numer Seryjny (S\/N): (z tabliczki znamionowej)Numer cz\u0119\u015bci z rysunku: (np. Part No. 14) Nr Nazwa Cz\u0119\u015bci \/ Podzespo\u0142u Nr Nazwa Cz\u0119\u015bci \/ Podzespo\u0142u I ELEMENTY STALOWE I&#8230;<\/p>","protected":false},"author":1,"featured_media":0,"parent":0,"menu_order":0,"comment_status":"closed","ping_status":"closed","template":"","meta":{"_kad_post_transparent":"","_kad_post_title":"","_kad_post_layout":"","_kad_post_sidebar_id":"","_kad_post_content_style":"","_kad_post_vertical_padding":"","_kad_post_feature":"","_kad_post_feature_position":"","_kad_post_header":false,"_kad_post_footer":false,"_kad_post_classname":"","footnotes":""},"class_list":["post-1152","page","type-page","status-publish","hentry"],"_links":{"self":[{"href":"https:\/\/gymsee.pl\/en\/wp-json\/wp\/v2\/pages\/1152","targetHints":{"allow":["GET"]}}],"collection":[{"href":"https:\/\/gymsee.pl\/en\/wp-json\/wp\/v2\/pages"}],"about":[{"href":"https:\/\/gymsee.pl\/en\/wp-json\/wp\/v2\/types\/page"}],"author":[{"embeddable":true,"href":"https:\/\/gymsee.pl\/en\/wp-json\/wp\/v2\/users\/1"}],"replies":[{"embeddable":true,"href":"https:\/\/gymsee.pl\/en\/wp-json\/wp\/v2\/comments?post=1152"}],"version-history":[{"count":2,"href":"https:\/\/gymsee.pl\/en\/wp-json\/wp\/v2\/pages\/1152\/revisions"}],"predecessor-version":[{"id":1164,"href":"https:\/\/gymsee.pl\/en\/wp-json\/wp\/v2\/pages\/1152\/revisions\/1164"}],"wp:attachment":[{"href":"https:\/\/gymsee.pl\/en\/wp-json\/wp\/v2\/media?parent=1152"}],"curies":[{"name":"wp","href":"https:\/\/api.w.org\/{rel}","templated":true}]}}