{"id":13,"date":"2021-12-15T09:09:27","date_gmt":"2021-12-15T09:09:27","guid":{"rendered":"https:\/\/startersites.io\/blocksy\/garderobe\/?page_id=13"},"modified":"2026-03-19T14:39:01","modified_gmt":"2026-03-19T13:39:01","slug":"contact","status":"publish","type":"page","link":"https:\/\/gymsee.pl\/en\/contact\/","title":{"rendered":"Contact"},"content":{"rendered":"\n<div style=\"height:51px\" aria-hidden=\"true\" class=\"wp-block-spacer\"><\/div>\n\n\n\n<h1 class=\"wp-block-heading has-text-align-center\">Kontakt<\/h1>\n\n\n\n<div style=\"height:169px\" aria-hidden=\"true\" class=\"wp-block-spacer\"><\/div>\n\n\n\n<div class=\"wp-block-stackable-columns stk-block-columns stk-block stk-25acfd9\" data-block-id=\"25acfd9\"><style>.stk-25acfd9 {margin-top:-120px !important;margin-bottom:0px !important;}.stk-25acfd9-column{--stk-column-gap:50px !important;row-gap:50px !important;}<\/style><div class=\"stk-row stk-inner-blocks stk-block-content stk-content-align stk-25acfd9-column\">\n<div class=\"wp-block-stackable-column stk-block-column stk-column stk-block stk-4f39026 stk-block-background\" data-v=\"4\" data-block-id=\"4f39026\"><style>.stk-4f39026-container{margin-top:0px !important;margin-right:0px !important;margin-bottom:0px !important;margin-left:0px !important;}.stk-4f39026 {background-color:var(--theme-palette-color-1, #e8363c) !important;padding-top:0px !important;padding-right:0px !important;padding-bottom:0px !important;padding-left:0px !important;overflow:visible !important;}.stk-4f39026:before{background-color:var(--theme-palette-color-1, #e8363c) !important;}.stk-4f39026 .stk-container{overflow:visible !important;}@media screen and (min-width: 768px) and (max-width: 1023px){.stk-4f39026 {flex:var(--stk-flex-grow, 1) 1 calc(100% - var(--stk-column-gap, 0px) * 0 \/ 1 ) !important;}}@media screen and (max-width: 1023px){.stk-4f39026-container{max-width:400px !important;min-width:auto !important;margin-right:auto !important;margin-left:auto !important;}}<\/style><div class=\"stk-column-wrapper stk-block-column__content stk-container stk-4f39026-container stk--no-background stk--no-padding\"><div class=\"stk-block-content stk-inner-blocks stk-4f39026-inner-blocks\">\n<div class=\"wp-block-stackable-image stk-block-image stk-block stk-aab377d\" data-block-id=\"aab377d\"><style>.stk-aab377d {margin-top:-50px !important;}.stk-aab377d .stk-img-wrapper{width:90% !important;}@media screen and (max-width: 1023px){.stk-aab377d .stk-img-wrapper{width:100% !important;height:500px !important;}.stk-aab377d .stk-img-wrapper img{object-position:47% 1% !important;}}<\/style><figure><span class=\"stk-img-wrapper stk-image--shape-stretch\"><img loading=\"lazy\" decoding=\"async\" class=\"stk-img wp-image-293\" src=\"http:\/\/gymsee.pl\/wp-content\/uploads\/2021\/12\/contact-us-image_optimized.webp\" width=\"800\" height=\"1192\" srcset=\"https:\/\/gymsee.pl\/wp-content\/uploads\/2021\/12\/contact-us-image_optimized.webp 800w, https:\/\/gymsee.pl\/wp-content\/uploads\/2021\/12\/contact-us-image_optimized-600x894.webp 600w, https:\/\/gymsee.pl\/wp-content\/uploads\/2021\/12\/contact-us-image_optimized-300x447.webp 300w, https:\/\/gymsee.pl\/wp-content\/uploads\/2021\/12\/contact-us-image_optimized-201x300.webp 201w, https:\/\/gymsee.pl\/wp-content\/uploads\/2021\/12\/contact-us-image_optimized-687x1024.webp 687w, https:\/\/gymsee.pl\/wp-content\/uploads\/2021\/12\/contact-us-image_optimized-768x1144.webp 768w\" sizes=\"auto, (max-width: 800px) 100vw, 800px\" \/><\/span><\/figure><\/div>\n<\/div><\/div><\/div>\n\n\n\n<div class=\"wp-block-stackable-column stk-block-column stk-column stk-block stk-290ec13\" data-v=\"4\" data-block-id=\"290ec13\"><style>.stk-290ec13-container{margin-top:0px !important;margin-right:0px !important;margin-bottom:0px !important;margin-left:0px !important;}.stk-290ec13 {align-self:flex-end !important;}@media screen and (min-width: 768px) and (max-width: 1023px){.stk-290ec13 {flex:var(--stk-flex-grow, 1) 1 calc(100% - var(--stk-column-gap, 0px) * 0 \/ 1 ) !important;}}<\/style><div class=\"stk-column-wrapper stk-block-column__content stk-container stk-290ec13-container stk--no-background stk--no-padding\"><div class=\"stk-block-content stk-inner-blocks stk-290ec13-inner-blocks\">\n<div class=\"wp-block-stackable-heading stk-block-heading stk-block-heading--v2 stk-block stk-e0c4eb8\" id=\"skontaktuj-sie-z-nami\" data-block-id=\"e0c4eb8\"><style>@media screen and (max-width: 1023px){.stk-e0c4eb8 {margin-bottom:15px !important;}.stk-e0c4eb8 .stk-block-heading__text{font-size:30px !important;}}<\/style><h2 class=\"stk-block-heading__text stk-block-heading--use-theme-margins\">Skontaktuj si\u0119 z nami<\/h2><\/div>\n\n\n<div class=\"wpforms-container wpforms-block wpforms-block-d845f83c-4612-4e81-85af-46934e1af306 wpforms-render-modern\" id=\"wpforms-156\"><form id=\"wpforms-form-156\" class=\"wpforms-validate wpforms-form\" data-formid=\"156\" method=\"post\" enctype=\"multipart\/form-data\" action=\"\/en\/wp-json\/wp\/v2\/pages\/13\" data-token=\"890b6cda78d587a3706b5e10affa4c97\" data-token-time=\"1776429239\"><noscript class=\"wpforms-error-noscript\">Please enable JavaScript in your browser to complete this form.<\/noscript><div id=\"wpforms-error-noscript\" style=\"display: none;\">Please enable JavaScript in your browser to complete this form.<\/div><div class=\"wpforms-field-container\"><div id=\"wpforms-156-field_0-container\" class=\"wpforms-field wpforms-field-name\" data-field-id=\"0\"><label class=\"wpforms-field-label\" for=\"wpforms-156-field_0\">Imi\u0119 i nazwisko <span class=\"wpforms-required-label\" aria-hidden=\"true\">*<\/span><\/label><input type=\"text\" id=\"wpforms-156-field_0\" class=\"wpforms-field-large wpforms-field-required\" name=\"wpforms[fields][0]\" aria-errormessage=\"wpforms-156-field_0-error\" required><\/div><div id=\"wpforms-156-field_4-container\" class=\"wpforms-field wpforms-field-text\" data-field-id=\"4\"><label class=\"wpforms-field-label\" for=\"wpforms-156-field_4\">Numer telefonu <span class=\"wpforms-required-label\" aria-hidden=\"true\">*<\/span><\/label><input type=\"text\" id=\"wpforms-156-field_4\" class=\"wpforms-field-large wpforms-field-required\" name=\"wpforms[fields][4]\" aria-errormessage=\"wpforms-156-field_4-error\" required><\/div><div id=\"wpforms-156-field_1-container\" class=\"wpforms-field wpforms-field-email\" data-field-id=\"1\"><label class=\"wpforms-field-label\" for=\"wpforms-156-field_1\">Adres Email <span class=\"wpforms-required-label\" aria-hidden=\"true\">*<\/span><\/label><input type=\"email\" id=\"wpforms-156-field_1\" class=\"wpforms-field-large wpforms-field-required\" name=\"wpforms[fields][1]\" spellcheck=\"false\" aria-errormessage=\"wpforms-156-field_1-error\" required><\/div><div id=\"wpforms-156-field_5-container\" class=\"wpforms-field wpforms-field-checkbox\" data-field-id=\"5\"><fieldset><legend class=\"wpforms-field-label\">Zgoda na przetwarzanie danych <span class=\"wpforms-required-label\" aria-hidden=\"true\">*<\/span><\/legend><ul id=\"wpforms-156-field_5\" class=\"wpforms-field-required\"><li class=\"choice-1 depth-1\"><input type=\"checkbox\" id=\"wpforms-156-field_5_1\" name=\"wpforms[fields][5][]\" value=\"O\u015bwiadczam, \u017ce zapozna\u0142em si\u0119 z &lt;a href=&quot;\/polityka-prywatnosci&quot; target=&quot;_blank&quot;&gt;Polityk\u0105 Prywatno\u015bci&lt;\/a&gt; i akceptuj\u0119 jej zasady.\" aria-errormessage=\"wpforms-156-field_5_1-error\" required ><label class=\"wpforms-field-label-inline\" for=\"wpforms-156-field_5_1\">O\u015bwiadczam, \u017ce zapozna\u0142em si\u0119 z <a href=\"\/polityka-prywatnosci\" target=\"_blank\">Polityk\u0105 Prywatno\u015bci<\/a> i akceptuj\u0119 jej zasady.<\/label><\/li><\/ul><\/fieldset><\/div><div id=\"wpforms-156-field_2-container\" class=\"wpforms-field wpforms-field-textarea\" data-field-id=\"2\"><label class=\"wpforms-field-label\" for=\"wpforms-156-field_2\">Wiadomo\u015b\u0107 <span class=\"wpforms-required-label\" aria-hidden=\"true\">*<\/span><\/label><textarea id=\"wpforms-156-field_2\" class=\"wpforms-field-medium wpforms-field-required\" name=\"wpforms[fields][2]\" aria-errormessage=\"wpforms-156-field_2-error\" required><\/textarea><\/div><\/div><!-- .wpforms-field-container --><div class=\"wpforms-submit-container\" ><input type=\"hidden\" name=\"wpforms[id]\" value=\"156\"><input type=\"hidden\" name=\"page_title\" value=\"\"><input type=\"hidden\" name=\"page_url\" value=\"https:\/\/gymsee.pl\/en\/wp-json\/wp\/v2\/pages\/13\"><input type=\"hidden\" name=\"url_referer\" value=\"\"><button type=\"submit\" name=\"wpforms[submit]\" id=\"wpforms-submit-156\" class=\"wpforms-submit\" data-alt-text=\"Sending...\" data-submit-text=\"Send Message\" aria-live=\"assertive\" value=\"wpforms-submit\">Send Message<\/button><\/div><\/form><\/div>  <!-- .wpforms-container --><\/div><\/div><\/div>\n<\/div><\/div>\n\n\n\n<div class=\"wp-block-stackable-spacer stk-block-spacer stk--no-padding stk-block stk-1e53790\" data-block-id=\"1e53790\"><style>.stk-1e53790 {height:130px !important;}@media screen and (max-width: 1023px){.stk-1e53790 {height:80px !important;}}<\/style><\/div>\n\n\n\n<div class=\"wp-block-stackable-columns stk-block-columns stk-block stk-36b8564\" data-block-id=\"36b8564\"><style>.stk-36b8564 {margin-bottom:0px !important;}.stk-36b8564-column{row-gap:30px !important;}<\/style><div class=\"stk-row stk-inner-blocks stk-block-content stk-content-align stk-36b8564-column\">\n<div class=\"wp-block-stackable-column stk-block-column stk-column stk-block stk-3cf695f\" data-v=\"4\" data-block-id=\"3cf695f\"><style>.stk-3cf695f-container{margin-top:0px !important;margin-right:0px !important;margin-bottom:0px !important;margin-left:0px !important;}@media screen and (min-width: 768px){.stk-3cf695f {flex:var(--stk-flex-grow, 1) 1 calc(97.7% - var(--stk-column-gap, 0px) * 1 \/ 2 ) !important;}}<\/style><div class=\"stk-column-wrapper stk-block-column__content stk-container stk-3cf695f-container stk--no-background stk--no-padding\"><div class=\"stk-block-content stk-inner-blocks stk-3cf695f-inner-blocks\">\n<div class=\"wp-block-stackable-columns stk-block-columns stk-block stk-05bf792\" data-block-id=\"05bf792\"><div class=\"stk-row stk-inner-blocks stk-block-content stk-content-align stk-05bf792-column\">\n<div class=\"wp-block-stackable-column stk-block-column stk-column stk-block stk-717e3dc\" data-v=\"4\" data-block-id=\"717e3dc\"><style>@media screen and (min-width: 768px){.stk-717e3dc {flex:var(--stk-flex-grow, 1) 1 calc(42.099999999999994% - var(--stk-column-gap, 0px) * 1 \/ 2 ) !important;}}<\/style><div class=\"stk-column-wrapper stk-block-column__content stk-container stk-717e3dc-container stk--no-background stk--no-padding\"><div class=\"stk-block-content stk-inner-blocks stk-717e3dc-inner-blocks\">\n<ul class=\"wp-block-list\">\n<li>\ud83d\udccd <strong>Adres:<\/strong> GYMSEE GROUP, ul. Sowia 1, 65-507 Zielona G\u00f3ra, Polska<\/li>\n\n\n\n<li>\ud83d\udcde <strong>Telefon:<\/strong> +48 793 941 312 Pn-Pt 8:00-16:00<\/li>\n\n\n\n<li>\ud83d\udce7 <strong>E-mail:<\/strong> gymsee.eu@gmail.com<\/li>\n<\/ul>\n<\/div><\/div><\/div>\n\n\n\n<div class=\"wp-block-stackable-column stk-block-column stk-column stk-block stk-c094e0a\" data-v=\"4\" data-block-id=\"c094e0a\"><style>@media screen and (min-width: 768px){.stk-c094e0a {flex:var(--stk-flex-grow, 1) 1 calc(57.9% - var(--stk-column-gap, 0px) * 1 \/ 2 ) !important;}}<\/style><div class=\"stk-column-wrapper stk-block-column__content stk-container stk-c094e0a-container stk--no-background stk--no-padding\"><div class=\"stk-block-content stk-inner-blocks stk-c094e0a-inner-blocks\">\n<iframe src=\"https:\/\/www.google.com\/maps\/embed?pb=!1m18!1m12!1m3!1d3037.035980319981!2d15.497212577180727!3d51.92695667191164!2m3!1f0!2f0!3f0!3m2!1i1024!2i768!4f13.1!3m3!1m2!1s0x47061128f5954f73%3A0xaabf8361edc8100f!2sGymsee!5e1!3m2!1spl!2spl!4v1770202604436!5m2!1spl!2spl\" width=\"600\" height=\"450\" style=\"border:0;\" allowfullscreen=\"\" loading=\"lazy\" referrerpolicy=\"no-referrer-when-downgrade\"><\/iframe>\n<\/div><\/div><\/div>\n<\/div><\/div>\n<\/div><\/div><\/div>\n\n\n\n<div class=\"wp-block-stackable-column stk-block-column stk-column stk-block stk-55660e4\" data-v=\"4\" data-block-id=\"55660e4\"><style>.stk-55660e4-container{margin-top:0px !important;margin-right:0px !important;margin-bottom:0px !important;margin-left:0px !important;}.stk-55660e4 {align-self:flex-end !important;}@media screen and (min-width: 768px){.stk-55660e4 {flex:var(--stk-flex-grow, 1) 1 calc(2.299999999999997% - var(--stk-column-gap, 0px) * 1 \/ 2 ) !important;}}<\/style><div class=\"stk-column-wrapper stk-block-column__content stk-container stk-55660e4-container stk--no-background stk--no-padding\"><div class=\"stk-block-content stk-inner-blocks stk-55660e4-inner-blocks\"><\/div><\/div><\/div>\n<\/div><\/div>\n\n\n\n<div class=\"wp-block-stackable-spacer stk-block-spacer stk--no-padding stk-block stk-9c070cc\" data-block-id=\"9c070cc\"><style>.stk-9c070cc {height:50px !important;}<\/style><\/div>\n\n\n\n<div class=\"wp-block-stackable-spacer stk-block-spacer stk--no-padding stk-block stk-10da8b1\" data-block-id=\"10da8b1\"><style>.stk-10da8b1 {height:100px !important;}@media screen and (max-width: 1023px){.stk-10da8b1 {height:80px !important;}}<\/style><\/div>\n","protected":false},"excerpt":{"rendered":"<p>Kontakt Skontaktuj si\u0119 z nami<\/p>","protected":false},"author":1,"featured_media":0,"parent":0,"menu_order":0,"comment_status":"closed","ping_status":"closed","template":"","meta":{"_kad_post_transparent":"","_kad_post_title":"","_kad_post_layout":"","_kad_post_sidebar_id":"","_kad_post_content_style":"","_kad_post_vertical_padding":"","_kad_post_feature":"","_kad_post_feature_position":"","_kad_post_header":false,"_kad_post_footer":false,"_kad_post_classname":"","footnotes":""},"class_list":["post-13","page","type-page","status-publish","hentry"],"_links":{"self":[{"href":"https:\/\/gymsee.pl\/en\/wp-json\/wp\/v2\/pages\/13","targetHints":{"allow":["GET"]}}],"collection":[{"href":"https:\/\/gymsee.pl\/en\/wp-json\/wp\/v2\/pages"}],"about":[{"href":"https:\/\/gymsee.pl\/en\/wp-json\/wp\/v2\/types\/page"}],"author":[{"embeddable":true,"href":"https:\/\/gymsee.pl\/en\/wp-json\/wp\/v2\/users\/1"}],"replies":[{"embeddable":true,"href":"https:\/\/gymsee.pl\/en\/wp-json\/wp\/v2\/comments?post=13"}],"version-history":[{"count":8,"href":"https:\/\/gymsee.pl\/en\/wp-json\/wp\/v2\/pages\/13\/revisions"}],"predecessor-version":[{"id":1172,"href":"https:\/\/gymsee.pl\/en\/wp-json\/wp\/v2\/pages\/13\/revisions\/1172"}],"wp:attachment":[{"href":"https:\/\/gymsee.pl\/en\/wp-json\/wp\/v2\/media?parent=13"}],"curies":[{"name":"wp","href":"https:\/\/api.w.org\/{rel}","templated":true}]}}