{"id":203,"date":"2021-12-17T16:46:02","date_gmt":"2021-12-17T16:46:02","guid":{"rendered":"https:\/\/startersites.io\/blocksy\/garderobe\/?page_id=203"},"modified":"2026-02-16T17:54:14","modified_gmt":"2026-02-16T16:54:14","slug":"about-us","status":"publish","type":"page","link":"https:\/\/gymsee.pl\/en\/about-us\/","title":{"rendered":"About Us"},"content":{"rendered":"<div style=\"height:27px\" aria-hidden=\"true\" class=\"wp-block-spacer\"><\/div>\n\n\n\n<h1 class=\"wp-block-heading has-text-align-center\">About us<\/h1>\n\n\n\n<div style=\"height:204px\" aria-hidden=\"true\" class=\"wp-block-spacer\"><\/div>\n\n\n\n<div class=\"wp-block-stackable-columns stk-block-columns stk-block stk-b2ae33e stk-block-background stk--has-background-overlay\" data-block-id=\"b2ae33e\"><style>.stk-b2ae33e {background-color:var(--theme-palette-color-4, #131117) !important;background-image:url(http:\/\/gymsee.pl\/wp-content\/uploads\/2021\/12\/shop-sale-cta-background.svg) !important;background-position:bottom right !important;background-repeat:no-repeat !important;background-size:auto !important;padding-top:0px !important;padding-right:40px !important;padding-bottom:40px !important;padding-left:40px !important;margin-top:-120px !important;margin-bottom:0px !important;overflow:visible !important;}.stk-b2ae33e:before{background-color:var(--theme-palette-color-4, #131117) !important;opacity:0.9 !important;}.stk-b2ae33e .stk-container{overflow:visible !important;}.stk-b2ae33e-column{--stk-column-gap:70px !important;row-gap:50px !important;}@media screen and (max-width: 767px){.stk-b2ae33e {padding-top:0px !important;padding-right:30px !important;padding-bottom:40px !important;padding-left:30px !important;}}<\/style><div class=\"stk-row stk-inner-blocks stk-block-content stk-content-align stk-b2ae33e-column\">\n<div class=\"wp-block-stackable-column stk-block-column stk-column stk-block stk-2c7ce1b\" data-v=\"4\" data-block-id=\"2c7ce1b\"><style>.stk-2c7ce1b-container{margin-top:0px !important;margin-right:0px !important;margin-bottom:0px !important;margin-left:0px !important;}@media screen and (min-width: 768px){.stk-2c7ce1b {flex:var(--stk-flex-grow, 1) 1 calc(43% - var(--stk-column-gap, 0px) * 1 \/ 2 ) !important;}}@media screen and (min-width: 768px) and (max-width: 1023px){.stk-2c7ce1b {flex:var(--stk-flex-grow, 1) 1 calc(100% - var(--stk-column-gap, 0px) * 0 \/ 1 ) !important;}}<\/style><div class=\"stk-column-wrapper stk-block-column__content stk-container stk-2c7ce1b-container stk--no-background stk--no-padding\"><div class=\"stk-block-content stk-inner-blocks stk-2c7ce1b-inner-blocks\">\n<div class=\"wp-block-stackable-image stk-block-image stk-block stk-2ef1bf9\" data-block-id=\"2ef1bf9\"><style>.stk-2ef1bf9 {margin-top:-100px !important;}@media screen and (max-width: 1023px){.stk-2ef1bf9 .stk-img-wrapper{height:500px !important;}}<\/style><figure><span class=\"stk-img-wrapper stk-image--shape-stretch\"><img loading=\"lazy\" decoding=\"async\" class=\"stk-img wp-image-674\" src=\"http:\/\/gymsee.pl\/wp-content\/uploads\/2026\/01\/1669895886305-scaled.jpg\" width=\"1920\" height=\"2560\" srcset=\"https:\/\/gymsee.pl\/wp-content\/uploads\/2026\/01\/1669895886305-scaled.jpg 1920w, https:\/\/gymsee.pl\/wp-content\/uploads\/2026\/01\/1669895886305-225x300.jpg 225w, https:\/\/gymsee.pl\/wp-content\/uploads\/2026\/01\/1669895886305-768x1024.jpg 768w, https:\/\/gymsee.pl\/wp-content\/uploads\/2026\/01\/1669895886305-1152x1536.jpg 1152w, https:\/\/gymsee.pl\/wp-content\/uploads\/2026\/01\/1669895886305-1536x2048.jpg 1536w, https:\/\/gymsee.pl\/wp-content\/uploads\/2026\/01\/1669895886305-9x12.jpg 9w, https:\/\/gymsee.pl\/wp-content\/uploads\/2026\/01\/1669895886305-300x400.jpg 300w, https:\/\/gymsee.pl\/wp-content\/uploads\/2026\/01\/1669895886305-600x800.jpg 600w\" sizes=\"auto, (max-width: 1920px) 100vw, 1920px\" \/><\/span><\/figure><\/div>\n\n\n\n<figure class=\"wp-block-image size-large\"><img loading=\"lazy\" decoding=\"async\" width=\"768\" height=\"1024\" src=\"http:\/\/gymsee.pl\/wp-content\/uploads\/2026\/01\/1669895886236-768x1024.jpg\" alt=\"\" class=\"wp-image-672\" srcset=\"https:\/\/gymsee.pl\/wp-content\/uploads\/2026\/01\/1669895886236-768x1024.jpg 768w, https:\/\/gymsee.pl\/wp-content\/uploads\/2026\/01\/1669895886236-225x300.jpg 225w, https:\/\/gymsee.pl\/wp-content\/uploads\/2026\/01\/1669895886236-1152x1536.jpg 1152w, https:\/\/gymsee.pl\/wp-content\/uploads\/2026\/01\/1669895886236-1536x2048.jpg 1536w, https:\/\/gymsee.pl\/wp-content\/uploads\/2026\/01\/1669895886236-9x12.jpg 9w, https:\/\/gymsee.pl\/wp-content\/uploads\/2026\/01\/1669895886236-300x400.jpg 300w, https:\/\/gymsee.pl\/wp-content\/uploads\/2026\/01\/1669895886236-600x800.jpg 600w, https:\/\/gymsee.pl\/wp-content\/uploads\/2026\/01\/1669895886236-scaled.jpg 1920w\" sizes=\"auto, (max-width: 768px) 100vw, 768px\" \/><\/figure>\n<\/div><\/div><\/div>\n\n\n\n<div class=\"wp-block-stackable-column stk-block-column stk-column stk-block stk-a715aa5\" data-v=\"4\" data-block-id=\"a715aa5\"><style>.stk-a715aa5-container{margin-top:0px !important;margin-right:0px !important;margin-bottom:0px !important;margin-left:0px !important;}.stk-a715aa5 {padding-top:90px !important;}@media screen and (min-width: 768px){.stk-a715aa5 {flex:var(--stk-flex-grow, 1) 1 calc(57% - var(--stk-column-gap, 0px) * 1 \/ 2 ) !important;}}@media screen and (min-width: 768px) and (max-width: 1023px){.stk-a715aa5 {flex:var(--stk-flex-grow, 1) 1 calc(100% - var(--stk-column-gap, 0px) * 0 \/ 1 ) !important;}}@media screen and (max-width: 1023px){.stk-a715aa5 {padding-top:0px !important;}}<\/style><div class=\"stk-column-wrapper stk-block-column__content stk-container stk-a715aa5-container stk--no-background stk--no-padding\"><div class=\"stk-block-content stk-inner-blocks stk-a715aa5-inner-blocks\">\n<div class=\"wp-block-stackable-heading stk-block-heading stk-block-heading--v2 stk-block stk-290f15a\" id=\"gymsee\" data-block-id=\"290f15a\"><style>.stk-290f15a {margin-bottom:40px !important;}.stk-290f15a .stk-block-heading__text{color:var(--theme-palette-color-8, #ffffff) !important;}@media screen and (max-width: 1023px){.stk-290f15a {margin-bottom:30px !important;}.stk-290f15a .stk-block-heading__text{font-size:30px !important;}}<\/style><h2 class=\"stk-block-heading__text has-text-color has-palette-color-8-color stk-block-heading--use-theme-margins\">Gymsee<\/h2><\/div>\n\n\n\n<div class=\"wp-block-stackable-columns stk-block-columns stk-block stk-97bf972\" data-block-id=\"97bf972\"><style>.stk-97bf972-column{--stk-column-gap:50px !important;row-gap:50px !important;}<\/style><div class=\"stk-row stk-inner-blocks stk-block-content stk-content-align stk-97bf972-column\">\n<div class=\"wp-block-stackable-column stk-block-column stk-column stk-block stk-77f1576\" data-v=\"4\" data-block-id=\"77f1576\"><style>.stk-77f1576-container{margin-top:0px !important;margin-right:0px !important;margin-bottom:0px !important;margin-left:0px !important;}<\/style><div class=\"stk-column-wrapper stk-block-column__content stk-container stk-77f1576-container stk--no-background stk--no-padding\"><div class=\"stk-block-content stk-inner-blocks stk-77f1576-inner-blocks\">\n<p><strong><span style=\"color: #ffffff;\" class=\"stk-highlight\">About Us: From Garage Passion to Innovation<\/span><\/strong><\/p>\n\n\n\n<p><span style=\"color: #ffffff;\" class=\"stk-highlight\">It all started in a garage. When the world came to a standstill in 2020 and gyms closed their doors, I decided to take matters into my own hands. Out of a pure need to keep training, the first \"big brother\" of our current bench was born.<\/span><\/p>\n\n\n\n<p><span style=\"color: #fffefe;\" class=\"stk-highlight\">As a designer and fitness enthusiast, I couldn't stop asking myself one question: <strong>why is there so much wasted, empty space in traditional gym equipment?<\/strong><\/span><\/p>\n\n\n\n<p><span style=\"color: #ffffff;\" class=\"stk-highlight\">I began experimenting\u2014cutting, welding, and searching for maximum functionality. I realized that with the right approach, everything could fit into an even smaller cube. The result of that journey is <strong>Suitcase 1.0<\/strong> \u2014the fruit of hundreds of hours of designing, testing, and refining.<\/span><\/p>\n\n\n\n<p><span style=\"color: #ffffff;\" class=\"stk-highlight\">oday, my company is still driven primarily by passion and an original approach to innovation, <strong>which I\u2019ve elevated to the level of professional, safe production.<\/strong>I don\u2019t copy existing solutions\u2014I create them from scratch, breaking the mold.<\/span><\/p>\n\n\n\n<ul class=\"wp-block-list\">\n<li><span style=\"color: #fffefe;\" class=\"stk-highlight\"><strong>Suitcase 1.0<\/strong> Patent Pending.<\/span><span style=\"color: #fffffe;\" class=\"stk-highlight\">cie.<\/span><\/li>\n\n\n\n<li><span style=\"color: #fffffe;\" class=\"stk-highlight\">The \"Big Brother\" station:<\/span> <span style=\"color: #fffffe;\" class=\"stk-highlight\">Patented.<\/span><\/li>\n\n\n\n<li><span style=\"color: #ffffff;\" class=\"stk-highlight\">More breakthrough designs are already in the patent process.<\/span><\/li>\n\n\n\n<li><span style=\"color: #ffffff;\" class=\"stk-highlight\">In my workshop, I am constantly prototyping new devices that I will reveal very soon.<\/span> <\/li>\n<\/ul>\n\n\n\n<p><span style=\"color: #ffffff;\" class=\"stk-highlight\">I believe that sports equipment should adapt to your life, not limit it. Whether you train at home, on the road, or in your own garage\u2014I provide you with tools born from Polish engineering and uncompromising quality.<\/span><\/p>\n\n\n\n<hr class=\"wp-block-separator has-alpha-channel-opacity\"\/>\n\n\n\n<h3 class=\"wp-block-heading\"><strong><span style=\"color: #ffffff;\" class=\"stk-highlight\">Got a wild idea? Let\u2019s talk!<\/span><\/strong><\/h3>\n\n\n\n<p><span style=\"color: #ffffff;\" class=\"stk-highlight\">Design is a continuous process for me, and I\u2019m not closed off to my own visions.<\/span><\/p>\n\n\n\n<ul class=\"wp-block-list\">\n<li><span style=\"color: #ffffff;\" class=\"stk-highlight\"><strong>Have an idea for a Suitcase 1.0 accessory?<\/strong> If you feel something is missing or have an idea to make it better\u2014let me know. Your feedback as a user is invaluable.<\/span><\/li>\n\n\n\n<li><span style=\"color: #ffffff;\" class=\"stk-highlight\"><strong>Want to improve something?<\/strong> If you see a solution that could work even better, I\u2019m open to constructive feedback.<\/span><\/li>\n\n\n\n<li><span style=\"color: #ffffff;\" class=\"stk-highlight\"><strong>Have a vision for entirely new gear?<\/strong> If you have a revolutionary idea for fitness equipment but lack the workshop, the welder, or the technical means to build it\u2014get in touch.<\/span><\/li>\n<\/ul>\n\n\n\n<p><span style=\"color: #ffffff;\" class=\"stk-highlight\">Who knows, maybe together we\u2019ll create something that changes the market? Drop me a line, let's see if we can make it happen! <\/span><\/p>\n<\/div><\/div><\/div>\n<\/div><\/div>\n<\/div><\/div><\/div>\n<\/div><\/div>\n\n\n\n<div class=\"wp-block-stackable-spacer stk-block-spacer stk--no-padding stk-block stk-aed6e82\" data-block-id=\"aed6e82\"><style>.stk-aed6e82 {height:130px !important;}@media screen and (max-width: 1023px){.stk-aed6e82 {height:80px !important;}}<\/style><\/div>","protected":false},"excerpt":{"rendered":"<p>O nas Gymsee O nas: Od gara\u017cowej pasji do innowacji Wszystko zacz\u0119\u0142o si\u0119 w gara\u017cu. Kiedy w 2020 roku \u015bwiat si\u0119 zatrzyma\u0142, a si\u0142ownie zosta\u0142y zamkni\u0119te, postanowi\u0142em wzi\u0105\u0107 sprawy w swoje r\u0119ce. To wtedy, z czystej potrzeby kontynuowania trening\u00f3w, powsta\u0142 pierwszy \u201ewi\u0119kszy brat\u201d obecnej \u0142awki. Jako projektant i pasjonat sportu, nie potrafi\u0142em przesta\u0107 my\u015ble\u0107 o&#8230;<\/p>","protected":false},"author":1,"featured_media":0,"parent":0,"menu_order":0,"comment_status":"closed","ping_status":"closed","template":"","meta":{"_kad_post_transparent":"","_kad_post_title":"","_kad_post_layout":"","_kad_post_sidebar_id":"","_kad_post_content_style":"","_kad_post_vertical_padding":"","_kad_post_feature":"","_kad_post_feature_position":"","_kad_post_header":false,"_kad_post_footer":false,"_kad_post_classname":"","footnotes":""},"class_list":["post-203","page","type-page","status-publish","hentry"],"_links":{"self":[{"href":"https:\/\/gymsee.pl\/en\/wp-json\/wp\/v2\/pages\/203","targetHints":{"allow":["GET"]}}],"collection":[{"href":"https:\/\/gymsee.pl\/en\/wp-json\/wp\/v2\/pages"}],"about":[{"href":"https:\/\/gymsee.pl\/en\/wp-json\/wp\/v2\/types\/page"}],"author":[{"embeddable":true,"href":"https:\/\/gymsee.pl\/en\/wp-json\/wp\/v2\/users\/1"}],"replies":[{"embeddable":true,"href":"https:\/\/gymsee.pl\/en\/wp-json\/wp\/v2\/comments?post=203"}],"version-history":[{"count":11,"href":"https:\/\/gymsee.pl\/en\/wp-json\/wp\/v2\/pages\/203\/revisions"}],"predecessor-version":[{"id":1092,"href":"https:\/\/gymsee.pl\/en\/wp-json\/wp\/v2\/pages\/203\/revisions\/1092"}],"wp:attachment":[{"href":"https:\/\/gymsee.pl\/en\/wp-json\/wp\/v2\/media?parent=203"}],"curies":[{"name":"wp","href":"https:\/\/api.w.org\/{rel}","templated":true}]}}