{"id":3,"date":"2026-01-31T12:00:37","date_gmt":"2026-01-31T11:00:37","guid":{"rendered":"https:\/\/gymsee.pl\/?page_id=3"},"modified":"2026-03-20T09:51:29","modified_gmt":"2026-03-20T08:51:29","slug":"polityka-prywatnosci","status":"publish","type":"page","link":"https:\/\/gymsee.pl\/en\/polityka-prywatnosci\/","title":{"rendered":"Privacy Policy"},"content":{"rendered":"<div style=\"height:50px\" aria-hidden=\"true\" class=\"wp-block-spacer\"><\/div>\n\n\n\n<h2 class=\"wp-block-heading has-text-align-center\">Polityka Prywatno\u015bci i Plik\u00f3w Cookies sklepu GYMSEE<\/h2>\n\n\n\n<h3 class=\"wp-block-heading\">1. Administrator Danych Osobowych (Kim jeste\u015bmy)<\/h3>\n\n\n\n<p>Administratorem Twoich danych osobowych jest firma: <strong>GYMSEE GROUP SP\u00d3\u0141KA Z OGRANICZON\u0104 ODPOWIEDZIALNO\u015aCI\u0104<\/strong> z siedzib\u0105 w: <strong>ul. SOWIA, nr 1, lok. &#8212;, miejsc. ZIELONA G\u00d3RA, kod 65-507, poczta ZIELONA G\u00d3RA, kraj POLSKA<\/strong> NIP: <strong>9292094690<\/strong> Adres naszej strony internetowej to: <a href=\"https:\/\/gymsee.pl\/en\/\" target=\"_blank\" rel=\"noreferrer noopener\">https:\/\/gymsee.pl<\/a> .<\/p>\n\n\n\n<p>W sprawach zwi\u0105zanych z ochron\u0105 danych osobowych mo\u017cesz skontaktowa\u0107 si\u0119 z nami pod adresem e-mail: <strong>gymsee.eu@gmail.com<\/strong><\/p>\n\n\n\n<h3 class=\"wp-block-heading\">2. Jakie dane zbieramy i dlaczego<\/h3>\n\n\n\n<p><strong>Formularze kontaktowe i zam\u00f3wienia<\/strong> Kiedy sk\u0142adasz zam\u00f3wienie lub kontaktujesz si\u0119 z nami, zbieramy Twoje dane (imi\u0119, nazwisko, adres, numer telefonu, e-mail) wy\u0142\u0105cznie w celu realizacji umowy sprzeda\u017cy, wysy\u0142ki towaru (Suitcase 1.0) oraz wystawienia dokument\u00f3w ksi\u0119gowych. Podanie tych danych jest dobrowolne, ale niezb\u0119dne do realizacji zam\u00f3wienia.<\/p>\n\n\n\n<p><strong>Komentarze i Opinie<\/strong> Kiedy odwiedzaj\u0105cy witryn\u0119 zostawia komentarz, zbieramy dane widoczne w formularzu komentowania, jak i adres IP odwiedzaj\u0105cego oraz podpis jego przegl\u0105darki (User-Agent) jako pomoc przy wykrywaniu spamu.<\/p>\n\n\n\n<p><strong>Media<\/strong> Je\u015bli wgrywasz na witryn\u0119 obrazki (np. w opinii o produkcie), powiniene\u015b unika\u0107 przesy\u0142ania obrazk\u00f3w z tagami EXIF lokalizacji. Odwiedzaj\u0105cy stron\u0119 mog\u0105 pobra\u0107 i odczyta\u0107 pe\u0142ne dane lokalizacyjne z obrazk\u00f3w w witrynie.<\/p>\n\n\n\n<h3 class=\"wp-block-heading\">3. Ciasteczka (Cookies)<\/h3>\n\n\n\n<p>Nasza strona wykorzystuje pliki cookies w celu zapewnienia prawid\u0142owego dzia\u0142ania sklepu (np. zapami\u0119tanie zawarto\u015bci koszyka) oraz w celach analitycznych.<\/p>\n\n\n\n<ul class=\"wp-block-list\">\n<li><strong>Niezb\u0119dne:<\/strong> Je\u015bli odwiedzisz stron\u0119 logowania, utworzymy tymczasowe ciasteczko na potrzeby sprawdzenia czy twoja przegl\u0105darka akceptuje ciasteczka. Nie zawiera ono \u017cadnych danych osobistych i zostanie usuni\u0119te, kiedy przegl\u0105darka zostanie zamkni\u0119ta.<\/li>\n\n\n\n<li><strong>Logowanie:<\/strong> Podczas logowania tworzymy dodatkowo kilka ciasteczek potrzebnych do zapisu twoich informacji logowania oraz wybranych opcji ekranu. Ciasteczka logowania wygasaj\u0105 po dw\u00f3ch dniach, a opcji ekranu po roku. Je\u015bli zaznaczysz opcj\u0119 \u201ePami\u0119taj mnie\u201d, logowanie wyga\u015bnie po dw\u00f3ch tygodniach.<\/li>\n\n\n\n<li><strong>Komentarze:<\/strong> Je\u015bli skomentujesz co\u015b w witrynie, b\u0119dzie mo\u017cna wybra\u0107 opcj\u0119 zapisu nazwy, adresu e-mail i witryny internetowej w ciasteczkach, dzi\u0119ki kt\u00f3rym podczas pisania kolejnych komentarzy powy\u017csze informacje b\u0119d\u0105 ju\u017c dogodnie uzupe\u0142nione. Ciasteczka wygasaj\u0105 po roku.<\/li>\n<\/ul>\n\n\n\n<h3 class=\"wp-block-heading\">4. Osadzone tre\u015bci z innych witryn<\/h3>\n\n\n\n<p>Artyku\u0142y na tej witrynie mog\u0105 zawiera\u0107 osadzone tre\u015bci (np. filmy z YouTube prezentuj\u0105ce treningi). Osadzone tre\u015bci z innych witryn zachowuj\u0105 si\u0119 analogicznie do tego, jakby u\u017cytkownik odwiedzi\u0142 bezpo\u015brednio konkretn\u0105 witryn\u0119. Witryny te mog\u0105 zbiera\u0107 informacje o Tobie, u\u017cywa\u0107 ciasteczek i monitorowa\u0107 Twoje interakcje z tym materia\u0142em.<\/p>\n\n\n\n<h3 class=\"wp-block-heading\">5. Z kim dzielimy si\u0119 danymi (Odbiorcy danych)<\/h3>\n\n\n\n<p>Twoje dane przekazujemy tylko podmiotom niezb\u0119dnym do realizacji zam\u00f3wienia:<\/p>\n\n\n\n<ol start=\"1\" class=\"wp-block-list\">\n<li><strong>Firmy kurierskie<\/strong> (np. InPost, DPD) \u2013 w celu dostarczenia przesy\u0142ki.<\/li>\n\n\n\n<li><strong>Operatorzy p\u0142atno\u015bci<\/strong> (np. Przelewy24, PayU, BLIK) \u2013 w celu op\u0142acenia zam\u00f3wienia.<\/li>\n\n\n\n<li><strong>Biuro ksi\u0119gowe<\/strong> \u2013 w celu wystawienia faktury i rozlicze\u0144 podatkowych.<\/li>\n\n\n\n<li><strong>Hostingodawca<\/strong> \u2013 kt\u00f3ry przechowuje dane na serwerze.<\/li>\n<\/ol>\n\n\n\n<h3 class=\"wp-block-heading\">6. Jak d\u0142ugo przechowujemy Twoje dane<\/h3>\n\n\n\n<ul class=\"wp-block-list\">\n<li><strong>Komentarze:<\/strong> Tre\u015b\u0107 i metadane komentarzy s\u0105 przechowywane przez czas nieokre\u015blony.<\/li>\n\n\n\n<li><strong>Zam\u00f3wienia:<\/strong> Dane zwi\u0105zane z realizacj\u0105 zam\u00f3wie\u0144 i fakturami s\u0105 przechowywane przez okres 5 lat (wym\u00f3g prawa podatkowego).<\/li>\n\n\n\n<li><strong>Konto u\u017cytkownika:<\/strong> Dla u\u017cytkownik\u00f3w zarejestrowanych przechowujemy informacje osobiste wprowadzone w profilu do momentu usuni\u0119cia konta przez u\u017cytkownika.<\/li>\n<\/ul>\n\n\n\n<h3 class=\"wp-block-heading\">7. Jakie masz prawa do swoich danych (RODO)<\/h3>\n\n\n\n<p>Zgodnie z RODO przys\u0142uguje Ci prawo do:<\/p>\n\n\n\n<ul class=\"wp-block-list\">\n<li>Wgl\u0105du w swoje dane osobowe.<\/li>\n\n\n\n<li>Sprostowania (poprawiania) swoich danych.<\/li>\n\n\n\n<li>Usuni\u0119cia danych (\u201eprawo do bycia zapomnianym\u201d), o ile nie koliduje to z obowi\u0105zkiem przechowywania dokumentacji ksi\u0119gowej.<\/li>\n\n\n\n<li>Ograniczenia przetwarzania danych.<\/li>\n\n\n\n<li>Sprzeciwu wobec przetwarzania.<\/li>\n<\/ul>\n\n\n\n<p>Aby skorzysta\u0107 z tych praw, skontaktuj si\u0119 z administratorem pod adresem: <strong>gymsee.eu@gmail.com<\/strong>.<\/p>\n\n\n\n<h3 class=\"wp-block-heading\">8. Gdzie wysy\u0142amy Twoje dane<\/h3>\n\n\n\n<p>Komentarze go\u015bci mog\u0105 by\u0107 sprawdzane za pomoc\u0105 automatycznej us\u0142ugi wykrywania spamu. Dane o zam\u00f3wieniach s\u0105 przetwarzane w systemach naszych partner\u00f3w (p\u0142atno\u015bci\/kurierzy) opisanych w pkt 5.<\/p>\n\n\n\n<p><\/p>","protected":false},"excerpt":{"rendered":"<p>Polityka Prywatno\u015bci i Plik\u00f3w Cookies sklepu GYMSEE 1. Administrator Danych Osobowych (Kim jeste\u015bmy) Administratorem Twoich danych osobowych jest firma: GYMSEE GROUP SP\u00d3\u0141KA Z OGRANICZON\u0104 ODPOWIEDZIALNO\u015aCI\u0104 z siedzib\u0105 w: ul. SOWIA, nr 1, lok. &#8212;, miejsc. ZIELONA G\u00d3RA, kod 65-507, poczta ZIELONA G\u00d3RA, kraj POLSKA NIP: 9292094690 Adres naszej strony internetowej to: https:\/\/gymsee.pl . W sprawach&#8230;<\/p>","protected":false},"author":1,"featured_media":0,"parent":0,"menu_order":0,"comment_status":"closed","ping_status":"open","template":"","meta":{"_kad_post_transparent":"","_kad_post_title":"","_kad_post_layout":"","_kad_post_sidebar_id":"","_kad_post_content_style":"","_kad_post_vertical_padding":"","_kad_post_feature":"","_kad_post_feature_position":"","_kad_post_header":false,"_kad_post_footer":false,"_kad_post_classname":"","footnotes":""},"class_list":["post-3","page","type-page","status-publish","hentry"],"_links":{"self":[{"href":"https:\/\/gymsee.pl\/en\/wp-json\/wp\/v2\/pages\/3","targetHints":{"allow":["GET"]}}],"collection":[{"href":"https:\/\/gymsee.pl\/en\/wp-json\/wp\/v2\/pages"}],"about":[{"href":"https:\/\/gymsee.pl\/en\/wp-json\/wp\/v2\/types\/page"}],"author":[{"embeddable":true,"href":"https:\/\/gymsee.pl\/en\/wp-json\/wp\/v2\/users\/1"}],"replies":[{"embeddable":true,"href":"https:\/\/gymsee.pl\/en\/wp-json\/wp\/v2\/comments?post=3"}],"version-history":[{"count":7,"href":"https:\/\/gymsee.pl\/en\/wp-json\/wp\/v2\/pages\/3\/revisions"}],"predecessor-version":[{"id":1176,"href":"https:\/\/gymsee.pl\/en\/wp-json\/wp\/v2\/pages\/3\/revisions\/1176"}],"wp:attachment":[{"href":"https:\/\/gymsee.pl\/en\/wp-json\/wp\/v2\/media?parent=3"}],"curies":[{"name":"wp","href":"https:\/\/api.w.org\/{rel}","templated":true}]}}